{"id":350,"date":"2023-11-15T12:11:27","date_gmt":"2023-11-15T12:11:27","guid":{"rendered":"https:\/\/awesome-beige-deer.svanelectro.com\/?page_id=350"},"modified":"2026-03-05T11:29:59","modified_gmt":"2026-03-05T10:29:59","slug":"service-technique","status":"publish","type":"page","link":"https:\/\/awesome-beige-deer.185-207-224-20.cpanel.site\/fr\/servicio-tecnico\/","title":{"rendered":"Service technique"},"content":{"rendered":"<p>[et_pb_section fb_built=&#8221;1&#8243; custom_padding_last_edited=&#8221;on|phone&#8221; _builder_version=&#8221;4.23.1&#8243; _module_preset=&#8221;default&#8221; background_color=&#8221;rgba(29,35,39,0.66)&#8221; background_image=&#8221;https:\/\/awesome-beige-deer.svanelectro.com\/wp-content\/uploads\/2023\/11\/servicio-tecnico.webp&#8221; background_blend=&#8221;multiply&#8221; custom_padding=&#8221;20vh||20vh||true|false&#8221; custom_padding_tablet=&#8221;20vh||20vh||true|false&#8221; custom_padding_phone=&#8221;15vh||15vh||true|false&#8221; bottom_divider_height=&#8221;56px&#8221; bottom_divider_flip=&#8221;horizontal&#8221; bottom_divider_arrangement=&#8221;above_content&#8221; locked=&#8221;off&#8221; global_colors_info=&#8221;{}&#8221;][et_pb_row _builder_version=&#8221;4.23.1&#8243; _module_preset=&#8221;default&#8221; global_colors_info=&#8221;{}&#8221;][et_pb_column type=&#8221;4_4&#8243; _builder_version=&#8221;4.23.1&#8243; _module_preset=&#8221;default&#8221; global_colors_info=&#8221;{}&#8221;][et_pb_text content_tablet=&#8221;<\/p>\n<h1>Soporte<\/h1>\n<p>&#8221; content_phone=&#8221;<\/p>\n<h1>Servicio T\u00e9cnico<\/h1>\n<p>&#8221; content_last_edited=&#8221;on|desktop&#8221; _builder_version=&#8221;4.24.0&#8243; _module_preset=&#8221;default&#8221; header_font=&#8221;|700|||||||&#8221; header_text_align=&#8221;center&#8221; header_text_color=&#8221;#FFFFFF&#8221; header_font_size=&#8221;50px&#8221; header_line_height=&#8221;1.2em&#8221; custom_margin_tablet=&#8221;&#8221; custom_margin_phone=&#8221;&#8221; custom_margin_last_edited=&#8221;on|phone&#8221; header_font_size_tablet=&#8221;&#8221; header_font_size_phone=&#8221;30px&#8221; header_font_size_last_edited=&#8221;on|phone&#8221; locked=&#8221;off&#8221; global_colors_info=&#8221;{}&#8221;]<\/p>\n<h1>Servicio T\u00e9cnico<\/h1>\n<p>[\/et_pb_text][\/et_pb_column][\/et_pb_row][\/et_pb_section][et_pb_section fb_built=&#8221;1&#8243; _builder_version=&#8221;4.23.1&#8243; _module_preset=&#8221;default&#8221; global_colors_info=&#8221;{}&#8221;][et_pb_row column_structure=&#8221;1_4,1_4,1_4,1_4&#8243; use_custom_gutter=&#8221;on&#8221; gutter_width=&#8221;2&#8243; make_equal=&#8221;on&#8221; _builder_version=&#8221;4.27.4&#8243; _module_preset=&#8221;default&#8221; max_width=&#8221;1920px&#8221; locked=&#8221;off&#8221; global_colors_info=&#8221;{}&#8221;][et_pb_column type=&#8221;1_4&#8243; _builder_version=&#8221;4.27.4&#8243; _module_preset=&#8221;default&#8221; background_enable_color=&#8221;off&#8221; custom_padding=&#8221;|15px|50px|15px|false|true&#8221; custom_padding_tablet=&#8221;|15px|50px|15px|false|true&#8221; custom_padding_phone=&#8221;20px||||false|true&#8221; custom_padding_last_edited=&#8221;on|phone&#8221; box_shadow_style=&#8221;preset1&#8243; global_colors_info=&#8221;{}&#8221;][et_pb_blurb title=&#8221;Manuales y descargas&#8221; image=&#8221;https:\/\/awesome-beige-deer.svanelectro.com\/wp-content\/uploads\/2023\/11\/descargas-y-manuales-svan.png&#8221; image_icon_width=&#8221;50%&#8221; icon_alignment=&#8221;left&#8221; module_class=&#8221;dd-ser-03&#8243; _builder_version=&#8221;4.24.0&#8243; _module_preset=&#8221;default&#8221; header_level=&#8221;h2&#8243; header_font=&#8221;|700|||||||&#8221; header_text_color=&#8221;#1D2327&#8243; header_font_size=&#8221;25px&#8221; body_font=&#8221;||||||||&#8221; body_text_color=&#8221;#1D2327&#8243; image_icon_custom_padding=&#8221;32px|30px|32px|30px|true|true&#8221; image_icon_custom_padding_tablet=&#8221;32px|30px|32px|30px|true|true&#8221; image_icon_custom_padding_phone=&#8221;5px|30px|5px|30px|true|true&#8221; image_icon_custom_padding_last_edited=&#8221;on|phone&#8221; animation=&#8221;off&#8221; use_circle=&#8221;on&#8221; circle_color=&#8221;#FFFFFF&#8221; global_colors_info=&#8221;{}&#8221; image_icon_background_color__sticky_enabled=&#8221;#7EBEC5&#8243; image_icon_background_color__sticky=&#8221;#7EBEC5&#8243;]<\/p>\n<p><span>Manuales de usuario y gu\u00edas r\u00e1pidas para sacar el m\u00e1ximo provecho de tus electrodom\u00e9sticos.<\/span><\/p>\n<p>[\/et_pb_blurb][et_pb_text _builder_version=&#8221;4.27.4&#8243; _module_preset=&#8221;default&#8221; text_font=&#8221;||||||||&#8221; link_font=&#8221;|700|||on|||#0033A1|&#8221; link_text_color=&#8221;#082237&#8243; custom_margin=&#8221;-25px||||false|false&#8221; locked=&#8221;off&#8221; global_colors_info=&#8221;{}&#8221; link_text_color__hover_enabled=&#8221;on|hover&#8221; link_text_color__hover=&#8221;#000000&#8243;]<\/p>\n<p><a href=\"\/manuales-y-descargas\/\">M\u00e1s informaci\u00f3n<\/a><\/p>\n<p>[\/et_pb_text][\/et_pb_column][et_pb_column type=&#8221;1_4&#8243; _builder_version=&#8221;4.27.4&#8243; _module_preset=&#8221;default&#8221; background_color=&#8221;#F3F4F6&#8243; custom_padding=&#8221;|15px||15px|false|true&#8221; custom_padding_tablet=&#8221;|15px||15px|false|true&#8221; custom_padding_phone=&#8221;20px|15px|50px|15px|false|true&#8221; custom_padding_last_edited=&#8221;on|phone&#8221; box_shadow_style=&#8221;preset1&#8243; global_colors_info=&#8221;{}&#8221;][et_pb_blurb title=&#8221;Registra tu producto&#8221; image=&#8221;https:\/\/awesome-beige-deer.svanelectro.com\/wp-content\/uploads\/2023\/11\/registro-producto-svan.png&#8221; image_icon_width=&#8221;50%&#8221; icon_alignment=&#8221;left&#8221; content_tablet=&#8221;<\/p>\n<p><span>Registra tu producto y cont\u00e1ctanos para programar un servicio r\u00e1pido y eficiente en la reparaci\u00f3n de tu electrodom\u00e9stico.<\/span><\/p>\n<p>&#8221; content_phone=&#8221;<\/p>\n<p><span>Registra tu producto y cont\u00e1ctanos para programar un servicio r\u00e1pido y eficiente en la reparaci\u00f3n de tu electrodom\u00e9stico.<\/span><\/p>\n<p>&#8221; content_last_edited=&#8221;on|phone&#8221; module_class=&#8221;dd-ser-03&#8243; _builder_version=&#8221;4.24.0&#8243; _module_preset=&#8221;default&#8221; header_level=&#8221;h2&#8243; header_font=&#8221;|700|||||||&#8221; header_text_color=&#8221;#1D2327&#8243; header_font_size=&#8221;25px&#8221; body_font=&#8221;||||||||&#8221; body_text_color=&#8221;#1D2327&#8243; image_icon_custom_padding=&#8221;32px|30px|32px|30px|true|true&#8221; image_icon_custom_padding_tablet=&#8221;32px|30px|32px|30px|true|true&#8221; image_icon_custom_padding_phone=&#8221;5px|30px|5px|30px|true|true&#8221; image_icon_custom_padding_last_edited=&#8221;on|phone&#8221; animation=&#8221;off&#8221; use_circle=&#8221;on&#8221; circle_color=&#8221;#FFFFFF&#8221; global_colors_info=&#8221;{}&#8221; image_icon_background_color__sticky_enabled=&#8221;#7EBEC5&#8243; image_icon_background_color__sticky=&#8221;#7EBEC5&#8243;]<\/p>\n<p><span>Registra tu producto y cont\u00e1ctanos para programar un servicio r\u00e1pido y eficiente en la reparaci\u00f3n de tu electrodom\u00e9stico.<\/span><\/p>\n<p>[\/et_pb_blurb][et_pb_text content_tablet=&#8221;<\/p>\n<p><a href=%22https:\/\/svanelectrosoporte.powerappsportals.com\/%22 data-et-target-link=%22_blank%22 rel=%22noopener%22>M\u00e1s informaci\u00f3n<\/a><\/p>\n<p>&#8221; content_phone=&#8221;<\/p>\n<p><a href=%22https:\/\/svanelectrosoporte.powerappsportals.com\/%22 data-et-target-link=%22_blank%22 rel=%22noopener%22>M\u00e1s informaci\u00f3n<\/a><\/p>\n<p>&#8221; content_last_edited=&#8221;on|phone&#8221; _builder_version=&#8221;4.27.4&#8243; _module_preset=&#8221;default&#8221; text_font=&#8221;||||||||&#8221; link_font=&#8221;|700|||on|||#0033A1|&#8221; link_text_color=&#8221;#082237&#8243; custom_margin=&#8221;-25px||||false|false&#8221; locked=&#8221;off&#8221; global_colors_info=&#8221;{}&#8221; link_text_color__hover_enabled=&#8221;on|hover&#8221; link_text_color__hover=&#8221;#000000&#8243;]<\/p>\n<p><a href=\"https:\/\/svanelectrosoporte.powerappsportals.com\/\" target=\"_blank\" rel=\"noopener\">M\u00e1s informaci\u00f3n<\/a><\/p>\n<p>[\/et_pb_text][et_pb_code _builder_version=&#8221;4.23.1&#8243; _module_preset=&#8221;default&#8221; global_colors_info=&#8221;{}&#8221;]<\/p>\n<style><!-- [et_pb_line_break_holder] -->  .dd-ser-03 .et_pb_blurb_container .et_pb_module_header:after {<!-- [et_pb_line_break_holder] -->    content: \"\";<!-- [et_pb_line_break_holder] -->    display: block;<!-- [et_pb_line_break_holder] -->    border-top: 2px solid;<!-- [et_pb_line_break_holder] -->    width: 50%;<!-- [et_pb_line_break_holder] -->    margin-top: 24px;<!-- [et_pb_line_break_holder] -->  }<!-- [et_pb_line_break_holder] --><\/style>\n<p>[\/et_pb_code][\/et_pb_column][et_pb_column type=&#8221;1_4&#8243; _builder_version=&#8221;4.27.4&#8243; _module_preset=&#8221;default&#8221; custom_padding=&#8221;|15px||15px|false|true&#8221; custom_padding_tablet=&#8221;|15px||15px|false|true&#8221; custom_padding_phone=&#8221;20px|15px|50px|15px|false|true&#8221; custom_padding_last_edited=&#8221;on|phone&#8221; box_shadow_style=&#8221;preset1&#8243; global_colors_info=&#8221;{}&#8221;][et_pb_blurb title=&#8221;Asistencia t\u00e9cnica&#8221; image=&#8221;https:\/\/awesome-beige-deer.svanelectro.com\/wp-content\/uploads\/2023\/11\/faqs-svan.png&#8221; image_icon_width=&#8221;50%&#8221; icon_alignment=&#8221;left&#8221; title_tablet=&#8221;Asistencia T\u00e9cnica \/ FAQs&#8221; title_phone=&#8221;Asistencia t\u00e9cnica&#8221; title_last_edited=&#8221;on|desktop&#8221; module_class=&#8221;dd-ser-03&#8243; _builder_version=&#8221;4.27.4&#8243; _module_preset=&#8221;default&#8221; header_level=&#8221;h2&#8243; header_font=&#8221;|700|||||||&#8221; header_text_color=&#8221;#1D2327&#8243; header_font_size=&#8221;25px&#8221; body_font=&#8221;||||||||&#8221; body_text_color=&#8221;#1D2327&#8243; image_icon_custom_padding=&#8221;32px|30px|32px|30px|true|true&#8221; image_icon_custom_padding_tablet=&#8221;32px|30px|32px|30px|true|true&#8221; image_icon_custom_padding_phone=&#8221;5px|30px|5px|30px|true|true&#8221; image_icon_custom_padding_last_edited=&#8221;on|phone&#8221; animation=&#8221;off&#8221; use_circle=&#8221;on&#8221; circle_color=&#8221;#FFFFFF&#8221; global_colors_info=&#8221;{}&#8221; image_icon_background_color__sticky_enabled=&#8221;#7EBEC5&#8243; image_icon_background_color__sticky=&#8221;#7EBEC5&#8243;]<\/p>\n<p><span>Nuestro equipo t\u00e9cnico est\u00e1 listo para ayudarte. Encuentra respuestas r\u00e1pidas a las consultas m\u00e1s frecuentes sobre nuestros productos y servicios.<\/span><\/p>\n<p>[\/et_pb_blurb][et_pb_text _builder_version=&#8221;4.27.4&#8243; _module_preset=&#8221;default&#8221; text_font=&#8221;||||||||&#8221; link_font=&#8221;|700|||on|||#0033A1|&#8221; link_text_color=&#8221;#082237&#8243; custom_margin=&#8221;-25px||||false|false&#8221; locked=&#8221;off&#8221; global_colors_info=&#8221;{}&#8221; link_text_color__hover_enabled=&#8221;on|hover&#8221; link_text_color__hover=&#8221;#000000&#8243;]<\/p>\n<p><a href=\"\/servicio-tecnico\/asistencia-tecnica-faqs\/\">M\u00e1s informaci\u00f3n<\/a><\/p>\n<p>[\/et_pb_text][\/et_pb_column][et_pb_column type=&#8221;1_4&#8243; _builder_version=&#8221;4.27.4&#8243; _module_preset=&#8221;default&#8221; background_color=&#8221;#F3F4F6&#8243; custom_padding=&#8221;|15px||15px|false|true&#8221; custom_padding_tablet=&#8221;|15px||15px|false|true&#8221; custom_padding_phone=&#8221;20px|15px|50px|15px|false|true&#8221; custom_padding_last_edited=&#8221;on|phone&#8221; box_shadow_style=&#8221;preset1&#8243; global_colors_info=&#8221;{}&#8221;][et_pb_blurb title=&#8221;Soporte t\u00e9cnico&#8221; image=&#8221;https:\/\/awesome-beige-deer.svanelectro.com\/wp-content\/uploads\/2023\/11\/faqs-svan.png&#8221; image_icon_width=&#8221;50%&#8221; icon_alignment=&#8221;left&#8221; title_tablet=&#8221;Asistencia T\u00e9cnica \/ FAQs&#8221; title_phone=&#8221;Soporte t\u00e9cnico&#8221; title_last_edited=&#8221;on|desktop&#8221; module_class=&#8221;dd-ser-03&#8243; _builder_version=&#8221;4.27.4&#8243; _module_preset=&#8221;default&#8221; header_level=&#8221;h2&#8243; header_font=&#8221;|700|||||||&#8221; header_text_color=&#8221;#1D2327&#8243; header_font_size=&#8221;25px&#8221; body_font=&#8221;||||||||&#8221; body_text_color=&#8221;#1D2327&#8243; body_link_text_color=&#8221;#283133&#8243; image_icon_custom_padding=&#8221;32px|30px|32px|30px|true|true&#8221; image_icon_custom_padding_tablet=&#8221;32px|30px|32px|30px|true|true&#8221; image_icon_custom_padding_phone=&#8221;5px|30px|5px|30px|true|true&#8221; image_icon_custom_padding_last_edited=&#8221;on|phone&#8221; animation=&#8221;off&#8221; use_circle=&#8221;on&#8221; circle_color=&#8221;#FFFFFF&#8221; global_colors_info=&#8221;{}&#8221; image_icon_background_color__sticky_enabled=&#8221;#7EBEC5&#8243; image_icon_background_color__sticky=&#8221;#7EBEC5&#8243; body_link_text_color__hover_enabled=&#8221;on|hover&#8221; body_link_text_color__hover=&#8221;#E2C136&#8243;]<\/p>\n<ul>\n<li><a href=\"tel:963246751\">+34 963 246 751<\/a> \/ <a href=\"tel:963246752\">+34 963 246 752<\/a><\/li>\n<li><a href=\"mailto:info@svanelectro.com\" target=\"_blank\" rel=\"noopener\">info@svanelectro.com<\/a><\/li>\n<li><a href=\"mailto:avisos@svanelectro.com\" target=\"_blank\" rel=\"noopener\">avisos@svanelectro.com<\/a><\/li>\n<\/ul>\n<p>[\/et_pb_blurb][\/et_pb_column][\/et_pb_row][\/et_pb_section][et_pb_section fb_built=&#8221;1&#8243; module_id=&#8221;serviciotecnico&#8221; _builder_version=&#8221;4.24.0&#8243; _module_preset=&#8221;default&#8221; background_color=&#8221;#F3F4F6&#8243; custom_margin=&#8221;||||false|false&#8221; custom_padding=&#8221;||50px||false|false&#8221; global_colors_info=&#8221;{}&#8221;][et_pb_row _builder_version=&#8221;4.23.1&#8243; _module_preset=&#8221;default&#8221; custom_margin=&#8221;||||false|false&#8221; global_colors_info=&#8221;{}&#8221;][et_pb_column type=&#8221;4_4&#8243; _builder_version=&#8221;4.23.1&#8243; _module_preset=&#8221;default&#8221; global_colors_info=&#8221;{}&#8221;][et_pb_text content_tablet=&#8221;<\/p>\n<h2>Mapa de servicios t\u00e9cnicos SVAN<\/h2>\n<p>&#8221; content_phone=&#8221;<\/p>\n<h2>Mapa de <strong>Servicios T\u00e9cnicos<\/strong> SVAN<\/h2>\n<p>&#8221; content_last_edited=&#8221;on|desktop&#8221; _builder_version=&#8221;4.24.0&#8243; _module_preset=&#8221;default&#8221; header_2_font=&#8221;||||||||&#8221; header_2_text_align=&#8221;center&#8221; header_2_line_height=&#8221;1.3em&#8221; header_2_font_size_tablet=&#8221;&#8221; header_2_font_size_phone=&#8221;25px&#8221; header_2_font_size_last_edited=&#8221;on|phone&#8221; locked=&#8221;off&#8221; global_colors_info=&#8221;{}&#8221;]<\/p>\n<h2>Mapa de <strong>Servicios T\u00e9cnicos<\/strong> SVAN<\/h2>\n<p>[\/et_pb_text][\/et_pb_column][\/et_pb_row][et_pb_row _builder_version=&#8221;4.24.2&#8243; _module_preset=&#8221;default&#8221; width=&#8221;100%&#8221; custom_padding=&#8221;||0px||false|false&#8221; custom_css_free_form=&#8221;selector{||  text-align:center;||}&#8221; global_colors_info=&#8221;{}&#8221;][et_pb_column type=&#8221;4_4&#8243; _builder_version=&#8221;4.23.1&#8243; _module_preset=&#8221;default&#8221; global_colors_info=&#8221;{}&#8221;][et_pb_text content_tablet=&#8221;<\/p>\n<p><iframe src=%22https:\/\/www.google.com\/maps\/d\/embed?mid=1JwifjtvdoP-hGHunhKZNHgtlb1Bb6leZ&#038;hl=es-419&#038;ehbc=2E312F%22 width=%221920%22 height=%22960%22><\/iframe><\/p>\n<p>&#8221; content_phone=&#8221;<iframe src=%22https:\/\/www.google.com\/maps\/d\/embed?mid=1JwifjtvdoP-hGHunhKZNHgtlb1Bb6leZ&#038;hl=es-419&#038;ehbc=2E312F%22 width=%2280%%22 height=%22300px%22><\/iframe>&#8221; content_last_edited=&#8221;on|desktop&#8221; _builder_version=&#8221;4.27.6&#8243; _module_preset=&#8221;default&#8221; text_orientation=&#8221;center&#8221; custom_padding=&#8221;||||false|false&#8221; hover_enabled=&#8221;0&#8243; text_orientation_tablet=&#8221;&#8221; text_orientation_phone=&#8221;center&#8221; text_orientation_last_edited=&#8221;on|phone&#8221; global_colors_info=&#8221;{}&#8221; sticky_enabled=&#8221;0&#8243;]<iframe loading=\"lazy\" src=\"https:\/\/www.google.com\/maps\/d\/embed?mid=1f1Txh9_-hcDpTeLvQGf5mBmGHEOIURs&#038;hl=es&#038;ehbc=2E312F\" width=\"1024px\" height=\"600px\"><\/iframe>[\/et_pb_text][\/et_pb_column][\/et_pb_row][\/et_pb_section]<\/p>\n","protected":false},"excerpt":{"rendered":"<p>Servicio T\u00e9cnicoManuales de usuario y gu\u00edas r\u00e1pidas para sacar el m\u00e1ximo provecho de tus electrodom\u00e9sticos.M\u00e1s informaci\u00f3nRegistra tu producto y cont\u00e1ctanos para programar un servicio r\u00e1pido y eficiente en la reparaci\u00f3n de tu electrodom\u00e9stico.M\u00e1s informaci\u00f3nNuestro equipo t\u00e9cnico est\u00e1 listo para ayudarte. Encuentra respuestas r\u00e1pidas a las consultas m\u00e1s frecuentes sobre nuestros productos y servicios.M\u00e1s informaci\u00f3n +34 [&hellip;]<\/p>\n","protected":false},"author":8,"featured_media":0,"parent":0,"menu_order":1,"comment_status":"closed","ping_status":"closed","template":"","meta":{"_acf_changed":false,"_et_pb_use_builder":"on","_et_pb_old_content":"","_et_gb_content_width":"","footnotes":""},"dipi_cpt_category":[],"class_list":["post-350","page","type-page","status-publish","hentry"],"acf":[],"_links":{"self":[{"href":"https:\/\/awesome-beige-deer.185-207-224-20.cpanel.site\/fr\/wp-json\/wp\/v2\/pages\/350","targetHints":{"allow":["GET"]}}],"collection":[{"href":"https:\/\/awesome-beige-deer.185-207-224-20.cpanel.site\/fr\/wp-json\/wp\/v2\/pages"}],"about":[{"href":"https:\/\/awesome-beige-deer.185-207-224-20.cpanel.site\/fr\/wp-json\/wp\/v2\/types\/page"}],"author":[{"embeddable":true,"href":"https:\/\/awesome-beige-deer.185-207-224-20.cpanel.site\/fr\/wp-json\/wp\/v2\/users\/8"}],"replies":[{"embeddable":true,"href":"https:\/\/awesome-beige-deer.185-207-224-20.cpanel.site\/fr\/wp-json\/wp\/v2\/comments?post=350"}],"version-history":[{"count":1,"href":"https:\/\/awesome-beige-deer.185-207-224-20.cpanel.site\/fr\/wp-json\/wp\/v2\/pages\/350\/revisions"}],"predecessor-version":[{"id":26455810,"href":"https:\/\/awesome-beige-deer.185-207-224-20.cpanel.site\/fr\/wp-json\/wp\/v2\/pages\/350\/revisions\/26455810"}],"wp:attachment":[{"href":"https:\/\/awesome-beige-deer.185-207-224-20.cpanel.site\/fr\/wp-json\/wp\/v2\/media?parent=350"}],"wp:term":[{"taxonomy":"dipi_cpt_category","embeddable":true,"href":"https:\/\/awesome-beige-deer.185-207-224-20.cpanel.site\/fr\/wp-json\/wp\/v2\/dipi_cpt_category?post=350"}],"curies":[{"name":"wp","href":"https:\/\/api.w.org\/{rel}","templated":true}]}}